{"id":106,"date":"2019-03-11T16:10:49","date_gmt":"2019-03-11T15:10:49","guid":{"rendered":"http:\/\/frankfurt.fau.org\/?page_id=106"},"modified":"2025-05-24T19:57:14","modified_gmt":"2025-05-24T17:57:14","slug":"mitglied-werden","status":"publish","type":"page","link":"https:\/\/frankfurt.fau.org\/?page_id=106","title":{"rendered":"Mitglied werden"},"content":{"rendered":"<p><strong>Allgemeines zur Mitgliedschaft<\/strong><\/p>\n<p>Als Basisgewerkschaft leben wir vom Engagement unserer Mitglieder. F\u00fcr diejenigen, die sich aktiv in die Arbeit der FAU einbringen, bieten wir einen Zugang zu den FAU-Online-Diensten wie E-Mail und Cloud an.<\/p>\n<p>Mit den Mitgliedern, die sich f\u00fcr eine passive Mitgliedschaft entschieden haben, versuchen wir \u00fcber alternative Info-Kan\u00e4le in Kontakt zu bleiben und \u00fcber unsere Aktivit\u00e4ten zu informieren.<\/p>\n<p><strong>Voraussetzungen f\u00fcr die Mitgliedschaft<\/strong><\/p>\n<ul>\n<li>Ich bin Arbeiter_in (gemeint sind alle Erwerbst\u00e4tigen, Erwerbslose, Lohnabh\u00e4ngigen, (Schein)Selbst\u00e4ndigen, Auszubildende, Reproduktionsschaffenden und Rentner*innen) und habe meinen Arbeits- oder Lebensmittelpunkt im Organisationsgebiet der FAU Frankfurt a.M.<\/li>\n<li>Ich bin kein*e Arbeitgeber*in. D.h. ich habe nicht die M\u00f6glichkeit, Besch\u00e4ftigte einzustellen oder zu entlassen<\/li>\n<li>Ich \u00fcbe keine T\u00e4tigkeiten aus, die im Widerspruch zu den Zwecken und Zielen der FAU stehen<\/li>\n<li>Ich unterst\u00fctze die Grunds\u00e4tze der FAU und werde mich ihren Strukturen und Beschl\u00fcssen<br \/>\nentsprechend verhalten<\/li>\n<\/ul>\n<p><strong>Vorteile der Mitgliedschaft<\/strong><\/p>\n<ul>\n<li>Tatkr\u00e4ftige Solidarit\u00e4t und Unterst\u00fctzung in deinem Arbeitskonflikt von anderen Mitgliedern<\/li>\n<li>Gewerkschaftliche Beratung bei Fragen zu deinem Arbeitsverh\u00e4ltnis<\/li>\n<li>Basisdemokratische Mitbestimmungsrechte, gleichberechtigt mit anderen kannst du \u00fcber die<br \/>\nAngelegenheiten in der FAU mitbestimmen<\/li>\n<li>Bildungs- und Schulungsangebote zur Organisierung am Arbeitsplatz, Gewerkschafts- und<br \/>\nArbeitsrecht<\/li>\n<li>Unterst\u00fctzung in juristischen Streitf\u00e4llen, die aus der gewerkschaftlichen Aktivit\u00e4t entstehen Streikkassen, f\u00fcr gr\u00f6\u00dfere K\u00e4mpfe gibt es gr\u00f6\u00dfere Geldt\u00f6pfe auf Regional- und Bundesebene<\/li>\n<\/ul>\n<p><strong>Mitgliedsantrag<\/strong><\/p>\n<p>Um Mitglied zu werden, musst du einen Mitgliedsantrag ausf\u00fcllen und uns zukommen lassen.<br \/>\nBringe das Formular ausgef\u00fcllt und unterschrieben zu einem Treffen mit oder schicke es uns per<br \/>\nPost an:<br \/>\nFAU \u2013 Gewerkschaft f\u00fcr alle Berufe<br \/>\nc\/o Centro<br \/>\nAlt-R\u00f6delheim 6<br \/>\n60489 Frankfurt am Main<br \/>\n<a href=\"https:\/\/frankfurt.fau.org\/wp-content\/uploads\/2025\/05\/FAU-Ffm_Beitrittserklaerung_2025.pdf\" target=\"_blank\" rel=\"noopener\">Mitgliedsformular zum Download<\/a><\/p>\n<p><a href=\"https:\/\/frankfurt.fau.org\/wp-content\/uploads\/2025\/05\/FAU-Ffm_Hinweise-zur-Datenverarbeitung_2025.pdf\">Hinweis zur Datenverarbeitung<\/a><\/p>\n<p><strong>Infoabend<\/strong><\/p>\n<div class=\"entry-content-page\">\n<p>Adresse:<br \/>\n<b>FAU Frankfurt am Main \u2013 Gewerkschaft f\u00fcr alle Berufe<\/b><\/p>\n<p>c\/o Centro<br \/>\nAlt-R\u00f6delheim 6<br \/>\n60489 Frankfurt am Main<br \/>\nTel.: 0178-6318811\u202c<br \/>\nfauffm-kontakt(a)fau.org<\/p>\n<p>F\u00fcr Interessierte und unsere Neu- Mitglieder veranstalten wir in regelm\u00e4\u00dfigen Abst\u00e4nden Infoabende \u00fcber unser Ziele und unsere Aktivit\u00e4ten. Auf dem Infoabend lernst Du die Ziele und die Struktur der FAU kennen. Wir beantworten Fragen und freuen uns auf Diskussionen.<br \/>\nWenn Du zu unserem Infoabend kommen m\u00f6chtest, schreibe uns bitte zuvor eine E-Mail.<\/p>\n<p><strong>Den jeweils aktuellen Termin findest Du auf der rechten Seite der Hompage.<br \/>\n<\/strong><\/p>\n<p><strong>Bitte beachten:<\/strong> Die Infoabende finden nur statt, wenn wir tats\u00e4chlich Anmeldungen per Mail bekommen haben, und nicht auf der Handynummer!<\/p>\n<p><span style=\"color: #808080;\"><strong>Zum Weiterlesen: Grundlagentexte der FAU<\/strong><\/span><\/p>\n<\/div>\n<p><a href=\"http:\/\/frankfurt.fau.org\/?page_id=86\" target=\"_blank\" rel=\"noopener\">Prinzipien und Grundlagen der Arbeit der Freien Arbeiterinnen- und Arbeiter-Union (FAU)<\/a><\/p>\n<p><a href=\"https:\/\/www.fau.org\/gewerkschaft\/statuten-2021.pdf\" target=\"_blank\" rel=\"noopener\">Statuten der FAU<\/a> (pdf, 110 kB)<\/p>\n<div class=\"shariff shariff-align-left shariff-widget-align-left\" data-url=\"https:\/\/frankfurt.fau.org\/?page_id=106\" data-timestamp=\"1748116634\" data-backendurl=\"?rest_route=\/shariff\/v1\/share_counts&\"><ul class=\"shariff-buttons theme-round orientation-horizontal buttonsize-small\"><li class=\"shariff-button mastodon shariff-nocustomcolor\" style=\"background-color:#563ACC\"><a href=\"https:\/\/s2f.kytta.dev\/?text=Mitglied%20werden https%3A%2F%2Ffrankfurt.fau.org%2F%3Fpage_id%3D106\" title=\"Bei Mastodon teilen\" aria-label=\"Bei Mastodon teilen\" role=\"button\" rel=\"noopener nofollow\" class=\"shariff-link\" style=\"; background-color:#6364FF; color:#fff\" target=\"_blank\"><span class=\"shariff-icon\" style=\"\"><svg width=\"75\" height=\"79\" viewBox=\"0 0 75 79\" fill=\"none\" xmlns=\"http:\/\/www.w3.org\/2000\/svg\"><path d=\"M37.813-.025C32.462-.058 27.114.13 21.79.598c-8.544.621-17.214 5.58-20.203 13.931C-1.12 23.318.408 32.622.465 41.65c.375 7.316.943 14.78 3.392 21.73 4.365 9.465 14.781 14.537 24.782 15.385 7.64.698 15.761-.213 22.517-4.026a54.1 54.1 0 0 0 .01-6.232c-6.855 1.316-14.101 2.609-21.049 1.074-3.883-.88-6.876-4.237-7.25-8.215-1.53-3.988 3.78-.43 5.584-.883 9.048 1.224 18.282.776 27.303-.462 7.044-.837 14.26-4.788 16.65-11.833 2.263-6.135 1.215-12.79 1.698-19.177.06-3.84.09-7.692-.262-11.52C72.596 7.844 63.223.981 53.834.684a219.453 219.453 0 0 0-16.022-.71zm11.294 12.882c5.5-.067 10.801 4.143 11.67 9.653.338 1.48.471 3 .471 4.515v21.088h-8.357c-.07-7.588.153-15.182-.131-22.765-.587-4.368-7.04-5.747-9.672-2.397-2.422 3.04-1.47 7.155-1.67 10.735v6.392h-8.307c-.146-4.996.359-10.045-.404-15.002-1.108-4.218-7.809-5.565-10.094-1.666-1.685 3.046-.712 6.634-.976 9.936v14.767h-8.354c.109-8.165-.238-16.344.215-24.5.674-5.346 5.095-10.389 10.676-10.627 4.902-.739 10.103 2.038 12.053 6.631.375 1.435 1.76 1.932 1.994.084 1.844-3.704 5.501-6.739 9.785-6.771.367-.044.735-.068 1.101-.073z\"\/><defs><linearGradient id=\"paint0_linear_549_34\" x1=\"37.0692\" y1=\"0\" x2=\"37.0692\" y2=\"79\" gradientUnits=\"userSpaceOnUse\"><stop stop-color=\"#6364FF\"\/><stop offset=\"1\" stop-color=\"#563ACC\"\/><\/linearGradient><\/defs><\/svg><\/span><\/a><\/li><li class=\"shariff-button facebook shariff-nocustomcolor\" style=\"background-color:#4273c8\"><a href=\"https:\/\/www.facebook.com\/sharer\/sharer.php?u=https%3A%2F%2Ffrankfurt.fau.org%2F%3Fpage_id%3D106\" title=\"Bei Facebook teilen\" aria-label=\"Bei Facebook teilen\" role=\"button\" rel=\"nofollow\" class=\"shariff-link\" style=\"; background-color:#3b5998; color:#fff\" target=\"_blank\"><span class=\"shariff-icon\" style=\"\"><svg width=\"32px\" height=\"20px\" xmlns=\"http:\/\/www.w3.org\/2000\/svg\" viewBox=\"0 0 18 32\"><path fill=\"#3b5998\" d=\"M17.1 0.2v4.7h-2.8q-1.5 0-2.1 0.6t-0.5 1.9v3.4h5.2l-0.7 5.3h-4.5v13.6h-5.5v-13.6h-4.5v-5.3h4.5v-3.9q0-3.3 1.9-5.2t5-1.8q2.6 0 4.1 0.2z\"\/><\/svg><\/span><\/a><\/li><li class=\"shariff-button linkedin shariff-nocustomcolor\" style=\"background-color:#1488bf\"><a href=\"https:\/\/www.linkedin.com\/sharing\/share-offsite\/?url=https%3A%2F%2Ffrankfurt.fau.org%2F%3Fpage_id%3D106\" title=\"Bei LinkedIn teilen\" aria-label=\"Bei LinkedIn teilen\" role=\"button\" rel=\"noopener nofollow\" class=\"shariff-link\" style=\"; background-color:#0077b5; color:#fff\" target=\"_blank\"><span class=\"shariff-icon\" style=\"\"><svg width=\"32px\" height=\"20px\" xmlns=\"http:\/\/www.w3.org\/2000\/svg\" viewBox=\"0 0 27 32\"><path fill=\"#0077b5\" d=\"M6.2 11.2v17.7h-5.9v-17.7h5.9zM6.6 5.7q0 1.3-0.9 2.2t-2.4 0.9h0q-1.5 0-2.4-0.9t-0.9-2.2 0.9-2.2 2.4-0.9 2.4 0.9 0.9 2.2zM27.4 18.7v10.1h-5.9v-9.5q0-1.9-0.7-2.9t-2.3-1.1q-1.1 0-1.9 0.6t-1.2 1.5q-0.2 0.5-0.2 1.4v9.9h-5.9q0-7.1 0-11.6t0-5.3l0-0.9h5.9v2.6h0q0.4-0.6 0.7-1t1-0.9 1.6-0.8 2-0.3q3 0 4.9 2t1.9 6z\"\/><\/svg><\/span><\/a><\/li><li class=\"shariff-button info shariff-nocustomcolor\" style=\"background-color:#eee\"><a href=\"http:\/\/ct.de\/-2467514\" title=\"Weitere Informationen\" aria-label=\"Weitere Informationen\" role=\"button\" rel=\"noopener \" class=\"shariff-link\" style=\"; background-color:#fff; color:#fff\" target=\"_blank\"><span class=\"shariff-icon\" style=\"\"><svg width=\"32px\" height=\"20px\" xmlns=\"http:\/\/www.w3.org\/2000\/svg\" viewBox=\"0 0 11 32\"><path fill=\"#999\" d=\"M11.4 24v2.3q0 0.5-0.3 0.8t-0.8 0.4h-9.1q-0.5 0-0.8-0.4t-0.4-0.8v-2.3q0-0.5 0.4-0.8t0.8-0.4h1.1v-6.8h-1.1q-0.5 0-0.8-0.4t-0.4-0.8v-2.3q0-0.5 0.4-0.8t0.8-0.4h6.8q0.5 0 0.8 0.4t0.4 0.8v10.3h1.1q0.5 0 0.8 0.4t0.3 0.8zM9.2 3.4v3.4q0 0.5-0.4 0.8t-0.8 0.4h-4.6q-0.4 0-0.8-0.4t-0.4-0.8v-3.4q0-0.4 0.4-0.8t0.8-0.4h4.6q0.5 0 0.8 0.4t0.4 0.8z\"\/><\/svg><\/span><\/a><\/li><\/ul><\/div>","protected":false},"excerpt":{"rendered":"<p>Allgemeines zur Mitgliedschaft Als Basisgewerkschaft leben wir vom Engagement unserer Mitglieder. F\u00fcr diejenigen, die sich aktiv in die Arbeit der FAU einbringen, bieten wir einen Zugang zu den FAU-Online-Diensten wie E-Mail und Cloud an. Mit den Mitgliedern, die sich f\u00fcr eine passive Mitgliedschaft entschieden haben, versuchen wir \u00fcber alternative Info-Kan\u00e4le in Kontakt zu bleiben und \u00fcber unsere Aktivit\u00e4ten zu informieren. Voraussetzungen f\u00fcr die Mitgliedschaft Ich &hellip; <a href=\"https:\/\/frankfurt.fau.org\/?page_id=106\" class=\"more-link\">Continue reading <span class=\"screen-reader-text\">Mitglied werden<\/span> <span class=\"meta-nav\">&raquo;<\/span><\/a><\/p>\n<div class=\"shariff shariff-align-left shariff-widget-align-left\" data-url=\"https:\/\/frankfurt.fau.org\/?page_id=106\" data-timestamp=\"1748116634\" data-backendurl=\"?rest_route=\/shariff\/v1\/share_counts&\"><ul class=\"shariff-buttons theme-round orientation-horizontal buttonsize-small\"><li class=\"shariff-button mastodon shariff-nocustomcolor\" style=\"background-color:#563ACC\"><a href=\"https:\/\/s2f.kytta.dev\/?text=Mitglied%20werden https%3A%2F%2Ffrankfurt.fau.org%2F%3Fpage_id%3D106\" title=\"Bei Mastodon teilen\" aria-label=\"Bei Mastodon teilen\" role=\"button\" rel=\"noopener nofollow\" class=\"shariff-link\" style=\"; background-color:#6364FF; color:#fff\" target=\"_blank\"><span class=\"shariff-icon\" style=\"\"><svg width=\"75\" height=\"79\" viewBox=\"0 0 75 79\" fill=\"none\" xmlns=\"http:\/\/www.w3.org\/2000\/svg\"><path d=\"M37.813-.025C32.462-.058 27.114.13 21.79.598c-8.544.621-17.214 5.58-20.203 13.931C-1.12 23.318.408 32.622.465 41.65c.375 7.316.943 14.78 3.392 21.73 4.365 9.465 14.781 14.537 24.782 15.385 7.64.698 15.761-.213 22.517-4.026a54.1 54.1 0 0 0 .01-6.232c-6.855 1.316-14.101 2.609-21.049 1.074-3.883-.88-6.876-4.237-7.25-8.215-1.53-3.988 3.78-.43 5.584-.883 9.048 1.224 18.282.776 27.303-.462 7.044-.837 14.26-4.788 16.65-11.833 2.263-6.135 1.215-12.79 1.698-19.177.06-3.84.09-7.692-.262-11.52C72.596 7.844 63.223.981 53.834.684a219.453 219.453 0 0 0-16.022-.71zm11.294 12.882c5.5-.067 10.801 4.143 11.67 9.653.338 1.48.471 3 .471 4.515v21.088h-8.357c-.07-7.588.153-15.182-.131-22.765-.587-4.368-7.04-5.747-9.672-2.397-2.422 3.04-1.47 7.155-1.67 10.735v6.392h-8.307c-.146-4.996.359-10.045-.404-15.002-1.108-4.218-7.809-5.565-10.094-1.666-1.685 3.046-.712 6.634-.976 9.936v14.767h-8.354c.109-8.165-.238-16.344.215-24.5.674-5.346 5.095-10.389 10.676-10.627 4.902-.739 10.103 2.038 12.053 6.631.375 1.435 1.76 1.932 1.994.084 1.844-3.704 5.501-6.739 9.785-6.771.367-.044.735-.068 1.101-.073z\"\/><defs><linearGradient id=\"paint0_linear_549_34\" x1=\"37.0692\" y1=\"0\" x2=\"37.0692\" y2=\"79\" gradientUnits=\"userSpaceOnUse\"><stop stop-color=\"#6364FF\"\/><stop offset=\"1\" stop-color=\"#563ACC\"\/><\/linearGradient><\/defs><\/svg><\/span><\/a><\/li><li class=\"shariff-button facebook shariff-nocustomcolor\" style=\"background-color:#4273c8\"><a href=\"https:\/\/www.facebook.com\/sharer\/sharer.php?u=https%3A%2F%2Ffrankfurt.fau.org%2F%3Fpage_id%3D106\" title=\"Bei Facebook teilen\" aria-label=\"Bei Facebook teilen\" role=\"button\" rel=\"nofollow\" class=\"shariff-link\" style=\"; background-color:#3b5998; color:#fff\" target=\"_blank\"><span class=\"shariff-icon\" style=\"\"><svg width=\"32px\" height=\"20px\" xmlns=\"http:\/\/www.w3.org\/2000\/svg\" viewBox=\"0 0 18 32\"><path fill=\"#3b5998\" d=\"M17.1 0.2v4.7h-2.8q-1.5 0-2.1 0.6t-0.5 1.9v3.4h5.2l-0.7 5.3h-4.5v13.6h-5.5v-13.6h-4.5v-5.3h4.5v-3.9q0-3.3 1.9-5.2t5-1.8q2.6 0 4.1 0.2z\"\/><\/svg><\/span><\/a><\/li><li class=\"shariff-button linkedin shariff-nocustomcolor\" style=\"background-color:#1488bf\"><a href=\"https:\/\/www.linkedin.com\/sharing\/share-offsite\/?url=https%3A%2F%2Ffrankfurt.fau.org%2F%3Fpage_id%3D106\" title=\"Bei LinkedIn teilen\" aria-label=\"Bei LinkedIn teilen\" role=\"button\" rel=\"noopener nofollow\" class=\"shariff-link\" style=\"; background-color:#0077b5; color:#fff\" target=\"_blank\"><span class=\"shariff-icon\" style=\"\"><svg width=\"32px\" height=\"20px\" xmlns=\"http:\/\/www.w3.org\/2000\/svg\" viewBox=\"0 0 27 32\"><path fill=\"#0077b5\" d=\"M6.2 11.2v17.7h-5.9v-17.7h5.9zM6.6 5.7q0 1.3-0.9 2.2t-2.4 0.9h0q-1.5 0-2.4-0.9t-0.9-2.2 0.9-2.2 2.4-0.9 2.4 0.9 0.9 2.2zM27.4 18.7v10.1h-5.9v-9.5q0-1.9-0.7-2.9t-2.3-1.1q-1.1 0-1.9 0.6t-1.2 1.5q-0.2 0.5-0.2 1.4v9.9h-5.9q0-7.1 0-11.6t0-5.3l0-0.9h5.9v2.6h0q0.4-0.6 0.7-1t1-0.9 1.6-0.8 2-0.3q3 0 4.9 2t1.9 6z\"\/><\/svg><\/span><\/a><\/li><li class=\"shariff-button info shariff-nocustomcolor\" style=\"background-color:#eee\"><a href=\"http:\/\/ct.de\/-2467514\" title=\"Weitere Informationen\" aria-label=\"Weitere Informationen\" role=\"button\" rel=\"noopener \" class=\"shariff-link\" style=\"; background-color:#fff; color:#fff\" target=\"_blank\"><span class=\"shariff-icon\" style=\"\"><svg width=\"32px\" height=\"20px\" xmlns=\"http:\/\/www.w3.org\/2000\/svg\" viewBox=\"0 0 11 32\"><path fill=\"#999\" d=\"M11.4 24v2.3q0 0.5-0.3 0.8t-0.8 0.4h-9.1q-0.5 0-0.8-0.4t-0.4-0.8v-2.3q0-0.5 0.4-0.8t0.8-0.4h1.1v-6.8h-1.1q-0.5 0-0.8-0.4t-0.4-0.8v-2.3q0-0.5 0.4-0.8t0.8-0.4h6.8q0.5 0 0.8 0.4t0.4 0.8v10.3h1.1q0.5 0 0.8 0.4t0.3 0.8zM9.2 3.4v3.4q0 0.5-0.4 0.8t-0.8 0.4h-4.6q-0.4 0-0.8-0.4t-0.4-0.8v-3.4q0-0.4 0.4-0.8t0.8-0.4h4.6q0.5 0 0.8 0.4t0.4 0.8z\"\/><\/svg><\/span><\/a><\/li><\/ul><\/div>","protected":false},"author":4,"featured_media":0,"parent":0,"menu_order":0,"comment_status":"closed","ping_status":"closed","template":"","meta":{"footnotes":""},"class_list":["post-106","page","type-page","status-publish","hentry"],"_links":{"self":[{"href":"https:\/\/frankfurt.fau.org\/index.php?rest_route=\/wp\/v2\/pages\/106","targetHints":{"allow":["GET"]}}],"collection":[{"href":"https:\/\/frankfurt.fau.org\/index.php?rest_route=\/wp\/v2\/pages"}],"about":[{"href":"https:\/\/frankfurt.fau.org\/index.php?rest_route=\/wp\/v2\/types\/page"}],"author":[{"embeddable":true,"href":"https:\/\/frankfurt.fau.org\/index.php?rest_route=\/wp\/v2\/users\/4"}],"replies":[{"embeddable":true,"href":"https:\/\/frankfurt.fau.org\/index.php?rest_route=%2Fwp%2Fv2%2Fcomments&post=106"}],"version-history":[{"count":27,"href":"https:\/\/frankfurt.fau.org\/index.php?rest_route=\/wp\/v2\/pages\/106\/revisions"}],"predecessor-version":[{"id":1361,"href":"https:\/\/frankfurt.fau.org\/index.php?rest_route=\/wp\/v2\/pages\/106\/revisions\/1361"}],"wp:attachment":[{"href":"https:\/\/frankfurt.fau.org\/index.php?rest_route=%2Fwp%2Fv2%2Fmedia&parent=106"}],"curies":[{"name":"wp","href":"https:\/\/api.w.org\/{rel}","templated":true}]}}